{"id":1268,"date":"2022-04-05T10:16:52","date_gmt":"2022-04-05T10:16:52","guid":{"rendered":"https:\/\/www.ruiterburcht.nl\/?page_id=1268"},"modified":"2025-10-26T11:07:11","modified_gmt":"2025-10-26T11:07:11","slug":"vertrouwen-krijgen-in-ponys","status":"publish","type":"page","link":"https:\/\/www.ruiterburcht.nl\/?page_id=1268","title":{"rendered":"Vertrouwen krijgen in pony&#8217;s en paarden"},"content":{"rendered":"<div class=\"wp-block-image\">\n<figure class=\"aligncenter size-large is-resized\"><img loading=\"lazy\" decoding=\"async\" width=\"1024\" height=\"1024\" src=\"https:\/\/www.ruiterburcht.nl\/wp-content\/uploads\/2025\/02\/Logo-Ruiterburcht-01.02.2025-1024x1024.jpg\" alt=\"\" class=\"wp-image-2392\" style=\"object-fit:contain;width:217px;height:201px\" srcset=\"https:\/\/www.ruiterburcht.nl\/wp-content\/uploads\/2025\/02\/Logo-Ruiterburcht-01.02.2025-1024x1024.jpg 1024w, https:\/\/www.ruiterburcht.nl\/wp-content\/uploads\/2025\/02\/Logo-Ruiterburcht-01.02.2025-300x300.jpg 300w, https:\/\/www.ruiterburcht.nl\/wp-content\/uploads\/2025\/02\/Logo-Ruiterburcht-01.02.2025-150x150.jpg 150w, https:\/\/www.ruiterburcht.nl\/wp-content\/uploads\/2025\/02\/Logo-Ruiterburcht-01.02.2025-768x768.jpg 768w, https:\/\/www.ruiterburcht.nl\/wp-content\/uploads\/2025\/02\/Logo-Ruiterburcht-01.02.2025-1536x1536.jpg 1536w, https:\/\/www.ruiterburcht.nl\/wp-content\/uploads\/2025\/02\/Logo-Ruiterburcht-01.02.2025-270x270.jpg 270w\" sizes=\"auto, (max-width: 1024px) 100vw, 1024px\" \/><\/figure>\n<\/div>\n\n\n<p class=\"has-black-color has-luminous-vivid-amber-background-color has-text-color has-background\"><strong>Wil je dat de eerste stappen in de paardenwereld voor je kind veilig en paardvriendelijk zijn? <br>Kom kennis maken met onze pony&#8217;s!<\/strong><br><br>Door middel van spel leren kinderen het best! Daarom gaat op de Ruiterburcht alles spelenderwijs als de kinderen leren omgaan met pony\u2019s. Hierbij voert veiligheid de boventoon. De kinderen leren hoe je rustig, respectvol en veilig met deze dieren om kunt gaan. Het begint met het observeren van de pony\u2019s onderling; hoe gaan zij met elkaar om? Daarna wordt er voorzichtig contact gemaakt met de dieren. Het rijden is minder belangrijk, maar wordt spelenderwijs meegenomen. Zelf de pony ophalen, halster omdoen, vastzetten, knuffelen en verzorgen; alles wordt meegenomen en geleerd. Voor de ridders en prinsessen is de Ruiterburcht de juiste plek: hier kun je een fijne start maken met het leren omgaan met pony\u2019s! We werken tevens aan het sociale- en\/of emotionele aspect. Indien er speciale doelen zijn kunnen we die van tevoren bespreken en meenemen in de lessen.<\/p>\n\n\n\n<p class=\"has-black-color has-luminous-vivid-amber-background-color has-text-color has-background\"><strong>Ponyclub<\/strong>: maandagmiddag \/ vrijdagmiddag \/ zaterdagochtend<br><br><em><strong>Wil je dat de eerste stappen in de paardenwereld voor je kind veilig en paardvriendelijk zijn?<br>Kom kennis maken met onze pony\u2019s!<\/strong><\/em><br>We werken met Paardenverkenners: niet meer \u2018naar paardrijden\u2019; maar \u2018ik zit bij de Paardenverkenners!\u2019 Voor een beter begrip tussen mens en paard. Samenwerking staat voorop; met elkaar en met de paarden.<br>Daarom werken we steeds met z\u2019n twee\u00ebn samen met het paard of de pony. Met rijden betekent dit meestal: \u00e9\u00e9n op het paard, \u00e9\u00e9n ernaast.<br><strong><br>Wat gaan we doen:<\/strong><br>\u2013 Leren over paarden en paardengedrag<br>\u2013 Spelletjes met en zonder paarden, daarnaast ontwerpen en bv kleuren<br>\u2013 Korte taakjes, zoals uitmesten en hooinetten vullen<br>\u2013 Leren veilig om te gaan met paarden<br>\u2013 Loswerken<br>\u2013 Grondwerken<br>\u2013 Dubbele lange lijnen\/mennen<br>\u2013 Rijden<br>\u2013 Horse Agility (=behendigheidsparcours)<br>\u2013 Boogschieten te paard\u2026. en nog veel meer!<br><br>Geef je snel op, want er zijn een beperkt aantal plekjes, zodat we de aandacht goed kunnen verdelen.<br>Aanmelden kan door een berichtje onderaan deze pagina in te vullen of een mailtje of whatsappje te sturen naar Noortje Ruiter.<br>De lessen duren \u00e9\u00e9n tot anderhalf uur en zijn voor kinderen van ongeveer 6 tot +-13 jaar.<br><br><strong>Kosten<\/strong> (per 1 januari 2025): <br>10 Rittenkaart 200,- (20 euro per les, deze is 15 weken geldig)<br>5 Rittenkaart 105,- (21 euro per les, deze is 8 weken geldig)<br>Losse lessen: 21,50 per les (indien er plek is)<br>Duo-les: 25 euro pp per uur<br>Priv\u00e9les: 30 euro pp per uur<br>* Afmelden uiterlijk 24 uur voor aanvang van de les (zo niet, dan wordt de les gerekend)<br>** We volgen de schoolvakanties, dan zijn er aangepaste lessen\/lestijden. <br><br><strong><a href=\"https:\/\/www.ruiterburcht.nl\/?page_id=2085\">KLIK HIER <\/a><\/strong>voor de actuele planning.<br>Voor meer informatie over de ponyspelletjes\u00a0<a href=\"https:\/\/www.ruiterburcht.nl\/?page_id=1268\"><strong>KLIK HIER<\/strong><\/a>\u00a0of meteen aanmelden:<strong>\u00a0<a href=\"https:\/\/www.ruiterburcht.nl\/?page_id=702\">AANMELDEN ACTIVITEIT<\/a><\/strong><br><br>Belangrijke PS: Voor de Ponyclub zijn enkele caps \u00e9n bodyprotectors te leen. Voor de jongere kinderen raden wij aan om deze beiden te gebruiken. Het blijven dieren en ze kunnen ergens van schrikken. <br>Graag na de proefles een eigen cap en bodyprotector aanschaffen, omdat deze goed afgestemd zijn qua maat op het kind.<\/p>\n\n\n\n<p class=\"has-black-color has-pale-cyan-blue-background-color has-text-color has-background\"><strong>Als volwassene het vertrouwen in paarden kwijt?<\/strong><br><strong><br><\/strong>Grote mensen die graag meer vertrouwen willen krijgen in paarden of in het algemeen zijn zeker welkom bij de pony\u2019s van de Ruiterburcht. Blue bijvoorbeeld is een lieve en erg aanhankelijke pony die de drempel graag wat lager voor je maakt. Harlie wil je graag laten oefenen hoe je een hoofdstel om doet en een zadel vast moet maken en waar je op moet letten bij de omgang met paarden en pony\u2019s. We gaan lekker wandelen of spelletjes doen met de pony\u2019s.<br><br><a href=\"https:\/\/www.ruiterburcht.nl\/?page_id=702\">Aanmeldformulier<\/a>&nbsp;vertrouwen opbouwen!<\/p>\n\n\n\n<figure class=\"wp-block-image size-large is-resized\"><img loading=\"lazy\" decoding=\"async\" width=\"1024\" height=\"614\" src=\"https:\/\/www.ruiterburcht.nl\/wp-content\/uploads\/2020\/03\/cropped-Bal-gooien-Emma2-1024x614.png\" alt=\"\" class=\"wp-image-396\" style=\"width:382px;height:228px\" srcset=\"https:\/\/www.ruiterburcht.nl\/wp-content\/uploads\/2020\/03\/cropped-Bal-gooien-Emma2-1024x614.png 1024w, https:\/\/www.ruiterburcht.nl\/wp-content\/uploads\/2020\/03\/cropped-Bal-gooien-Emma2-300x180.png 300w, https:\/\/www.ruiterburcht.nl\/wp-content\/uploads\/2020\/03\/cropped-Bal-gooien-Emma2-768x460.png 768w, https:\/\/www.ruiterburcht.nl\/wp-content\/uploads\/2020\/03\/cropped-Bal-gooien-Emma2-1536x921.png 1536w, https:\/\/www.ruiterburcht.nl\/wp-content\/uploads\/2020\/03\/cropped-Bal-gooien-Emma2.png 2000w\" sizes=\"auto, (max-width: 1024px) 100vw, 1024px\" \/><\/figure>\n\n\n\n<figure class=\"wp-block-image is-resized\"><img decoding=\"async\" src=\"https:\/\/www.ruiterburcht.nl\/wp-content\/uploads\/2020\/01\/Screenshot_20200118-101017_Photos.jpg\" alt=\"\" style=\"width:392px;height:218px\"\/><\/figure>\n\n\n\n<figure class=\"wp-block-image is-resized\"><img decoding=\"async\" src=\"https:\/\/www.ruiterburcht.nl\/wp-content\/uploads\/2020\/01\/20200119_1602032-1024x789.jpg\" alt=\"\" style=\"width:388px;height:299px\"\/><\/figure>\n\n\n\n<figure class=\"wp-block-image is-resized\"><img decoding=\"async\" src=\"https:\/\/www.ruiterburcht.nl\/wp-content\/uploads\/2020\/07\/20200707_103540-scaled.jpg\" alt=\"\" style=\"width:389px;height:292px\"\/><\/figure>\n\n\n<div class=\"wp-block-image\">\n<figure class=\"aligncenter size-large is-resized\"><img loading=\"lazy\" decoding=\"async\" width=\"393\" height=\"364\" src=\"https:\/\/www.ruiterburcht.nl\/wp-content\/uploads\/2020\/04\/Schermopname-2.png\" alt=\"\" class=\"wp-image-509\" style=\"width:217px;height:201px\" srcset=\"https:\/\/www.ruiterburcht.nl\/wp-content\/uploads\/2020\/04\/Schermopname-2.png 393w, https:\/\/www.ruiterburcht.nl\/wp-content\/uploads\/2020\/04\/Schermopname-2-300x278.png 300w\" sizes=\"auto, (max-width: 393px) 100vw, 393px\" \/><\/figure>\n<\/div>\n\n\n<p><\/p>\n\n\n\n<p>&lt;<strong><a href=\"https:\/\/www.ruiterburcht.nl\/?page_id=11\">&lt;&lt;&lt;&lt; Terug<\/a><\/strong><\/p>\n","protected":false},"excerpt":{"rendered":"<p>Wil je dat de eerste stappen in de paardenwereld voor je kind veilig en paardvriendelijk zijn? Kom kennis maken met onze pony&#8217;s! Door middel van spel leren kinderen het best! Daarom gaat op de Ruiterburcht alles spelenderwijs als de kinderen leren omgaan met pony\u2019s. Hierbij voert veiligheid de boventoon. De kinderen leren hoe je rustig, respectvol en veilig met deze dieren om kunt gaan. Het begint met het observeren van de pony\u2019s onderling; hoe gaan zij met elkaar om? Daarna&#8230;<\/p>\n<p class=\"read-more\"><a class=\"btn btn-default\" href=\"https:\/\/www.ruiterburcht.nl\/?page_id=1268\"> Lees Meer<span class=\"screen-reader-text\">  Lees Meer<\/span><\/a><\/p>\n","protected":false},"author":1,"featured_media":0,"parent":0,"menu_order":0,"comment_status":"closed","ping_status":"closed","template":"","meta":{"footnotes":""},"class_list":["post-1268","page","type-page","status-publish","hentry"],"_links":{"self":[{"href":"https:\/\/www.ruiterburcht.nl\/index.php?rest_route=\/wp\/v2\/pages\/1268","targetHints":{"allow":["GET"]}}],"collection":[{"href":"https:\/\/www.ruiterburcht.nl\/index.php?rest_route=\/wp\/v2\/pages"}],"about":[{"href":"https:\/\/www.ruiterburcht.nl\/index.php?rest_route=\/wp\/v2\/types\/page"}],"author":[{"embeddable":true,"href":"https:\/\/www.ruiterburcht.nl\/index.php?rest_route=\/wp\/v2\/users\/1"}],"replies":[{"embeddable":true,"href":"https:\/\/www.ruiterburcht.nl\/index.php?rest_route=%2Fwp%2Fv2%2Fcomments&post=1268"}],"version-history":[{"count":9,"href":"https:\/\/www.ruiterburcht.nl\/index.php?rest_route=\/wp\/v2\/pages\/1268\/revisions"}],"predecessor-version":[{"id":2490,"href":"https:\/\/www.ruiterburcht.nl\/index.php?rest_route=\/wp\/v2\/pages\/1268\/revisions\/2490"}],"wp:attachment":[{"href":"https:\/\/www.ruiterburcht.nl\/index.php?rest_route=%2Fwp%2Fv2%2Fmedia&parent=1268"}],"curies":[{"name":"wp","href":"https:\/\/api.w.org\/{rel}","templated":true}]}}